{"id":914,"date":"2023-11-09T07:54:48","date_gmt":"2023-11-09T06:54:48","guid":{"rendered":"https:\/\/eutiquio.es\/condiciones-legales\/"},"modified":"2023-11-24T12:38:41","modified_gmt":"2023-11-24T11:38:41","slug":"conditions-legales","status":"publish","type":"page","link":"https:\/\/eutiquio.es\/fr\/conditions-legales\/","title":{"rendered":"Conditions l\u00e9gales"},"content":{"rendered":"\t\t<div data-elementor-type=\"wp-page\" data-elementor-id=\"914\" class=\"elementor elementor-914 elementor-23\" data-elementor-post-type=\"page\">\n\t\t\t\t<div class=\"elementor-element elementor-element-09ea54a e-flex e-con-boxed e-con e-parent\" data-id=\"09ea54a\" data-element_type=\"container\" data-e-type=\"container\" data-settings=\"{&quot;background_background&quot;:&quot;classic&quot;}\">\n\t\t\t\t\t<div class=\"e-con-inner\">\n\t\t\t\t<div class=\"elementor-element elementor-element-8129562 elementor-widget elementor-widget-heading\" data-id=\"8129562\" data-element_type=\"widget\" data-e-type=\"widget\" data-widget_type=\"heading.default\">\n\t\t\t\t<div class=\"elementor-widget-container\">\n\t\t\t\t\t<h1 class=\"elementor-heading-title elementor-size-default\">Conditions l\u00e9gales<\/h1>\t\t\t\t<\/div>\n\t\t\t\t<\/div>\n\t\t\t\t\t<\/div>\n\t\t\t\t<\/div>\n\t\t<div class=\"elementor-element elementor-element-17ce074 e-flex e-con-boxed e-con e-parent\" data-id=\"17ce074\" data-element_type=\"container\" data-e-type=\"container\">\n\t\t\t\t\t<div class=\"e-con-inner\">\n\t\t\t\t<div class=\"elementor-element elementor-element-1a1c7bc elementor-widget elementor-widget-spacer\" data-id=\"1a1c7bc\" data-element_type=\"widget\" data-e-type=\"widget\" data-widget_type=\"spacer.default\">\n\t\t\t\t<div class=\"elementor-widget-container\">\n\t\t\t\t\t\t\t<div class=\"elementor-spacer\">\n\t\t\t<div class=\"elementor-spacer-inner\"><\/div>\n\t\t<\/div>\n\t\t\t\t\t\t<\/div>\n\t\t\t\t<\/div>\n\t\t\t\t<div class=\"elementor-element elementor-element-b0c18d7 elementor-widget elementor-widget-text-editor\" data-id=\"b0c18d7\" data-element_type=\"widget\" data-e-type=\"widget\" data-widget_type=\"text-editor.default\">\n\t\t\t\t<div class=\"elementor-widget-container\">\n\t\t\t\t\t\t\t\t\t<p>AVISO LEGAL<\/p><p>En cumplimiento con el deber de informaci\u00f3n recogido en art\u00edculo 10 de la Ley 34\/2002, de 11 de julio, de Servicios de la Sociedad de la Informaci\u00f3n y del Comercio Electr\u00f3nico (LSSICE), el propietario de la web , le informa de lo siguiente:<\/p><p>Denominaci\u00f3n social: Jamones Eutiquio S.L.U.<br \/>NIF: B99007189<br \/>Domicilio: C\/PINETA 2, POL. IND. VALDECONSEJO, 50410 \u2013 Cuarte De Huerva (Zaragoza)<br \/>Con los l\u00edmites establecidos en la ley, Jamones Eutiquio S.L.U. no asume ninguna responsabilidad derivada de la falta de veracidad, integridad, actualizaci\u00f3n y precisi\u00f3n de los datos o informaciones que contienen sus p\u00e1ginas web.<\/p><p>Los contenidos e informaci\u00f3n no vinculan a Jamones Eutiquio S.L.U. ni constituyen opiniones, consejos o asesoramiento legal de ning\u00fan tipo pues se trata meramente de un servicio ofrecido con car\u00e1cter informativo y divulgativo.<\/p><p>Las p\u00e1ginas de Internet de Jamones Eutiquio S.L.U. pueden contener enlaces (links) a otras p\u00e1ginas de terceras partes que Jamones Eutiquio S.L.U. no puede controlar. Por lo tanto, Jamones Eutiquio S.L.U. no puede asumir responsabilidades por el contenido que pueda aparecer en p\u00e1ginas de terceros.<\/p><p>Los textos, im\u00e1genes, sonidos, animaciones, software y el resto de contenidos incluidos en este website son propiedad exclusiva de Jamones Eutiquio S.L.U. o sus licenciantes. Cualquier acto de transmisi\u00f3n, distribuci\u00f3n, cesi\u00f3n, reproducci\u00f3n, almacenamiento o comunicaci\u00f3n p\u00fablica total o parcial, deber\u00e1 contar con el consentimiento expreso de Jamones Eutiquio S.L.U..<\/p><p>Asimismo, para acceder a algunos de los servicios que Jamones Eutiquio S.L.U. ofrece a trav\u00e9s del sitio web, deber\u00e1 proporcionar algunos datos de car\u00e1cter personal. En cumplimiento de lo establecido en el Reglamento (UE) 2016\/679 del Parlamento Europeo y del Consejo, de 27 de abril de 2016, relativo a la protecci\u00f3n de las personas f\u00edsicas en lo que respecta al tratamiento de datos personales y a la libre circulaci\u00f3n de estos datos le informamos que, mediante la cumplimentaci\u00f3n de los presentes formularios, sus datos personales quedar\u00e1n incorporados y ser\u00e1n tratados en los ficheros de Jamones Eutiquio S.L.U. con el fin de poderle prestar y ofrecer nuestros servicios as\u00ed como para informarle de las mejoras del sitio Web.<\/p><p>Le informamos tambi\u00e9n de que tendr\u00e1 la posibilidad en todo momento de ejercer los derechos de acceso, rectificaci\u00f3n, cancelaci\u00f3n, oposici\u00f3n, limitaci\u00f3n y portabilidad de sus datos de car\u00e1cter personal, de manera gratuita mediante email a:\u00a0<a href=\"mailto:administracion@eutiquio.es\">administracion@eutiquio.es<\/a>\u00a0o en la direcci\u00f3n: C\/PINETA 2, POL. IND. VALDECONSEJO, 50410 \u2013 Cuarte De Huerva (Zaragoza).<\/p>\t\t\t\t\t\t\t\t<\/div>\n\t\t\t\t<\/div>\n\t\t\t\t<div class=\"elementor-element elementor-element-c6a054f elementor-widget elementor-widget-spacer\" data-id=\"c6a054f\" data-element_type=\"widget\" data-e-type=\"widget\" data-widget_type=\"spacer.default\">\n\t\t\t\t<div class=\"elementor-widget-container\">\n\t\t\t\t\t\t\t<div class=\"elementor-spacer\">\n\t\t\t<div class=\"elementor-spacer-inner\"><\/div>\n\t\t<\/div>\n\t\t\t\t\t\t<\/div>\n\t\t\t\t<\/div>\n\t\t\t\t\t<\/div>\n\t\t\t\t<\/div>\n\t\t\t\t<\/div>\n\t\t","protected":false},"excerpt":{"rendered":"<p>Conditions l\u00e9gales AVISO LEGAL En cumplimiento con el deber de informaci\u00f3n recogido en art\u00edculo 10 de la Ley 34\/2002, de 11 de julio, de Servicios de la Sociedad de la Informaci\u00f3n y del Comercio Electr\u00f3nico (LSSICE), el propietario de la web , le informa de lo siguiente: Denominaci\u00f3n social: Jamones Eutiquio S.L.U. NIF: B99007189 Domicilio: [&hellip;]<\/p>\n","protected":false},"author":1,"featured_media":0,"parent":0,"menu_order":0,"comment_status":"closed","ping_status":"closed","template":"","meta":{"_acf_changed":false,"site-sidebar-layout":"no-sidebar","site-content-layout":"","ast-site-content-layout":"full-width-container","site-content-style":"default","site-sidebar-style":"default","ast-global-header-display":"","ast-banner-title-visibility":"","ast-main-header-display":"","ast-hfb-above-header-display":"","ast-hfb-below-header-display":"","ast-hfb-mobile-header-display":"","site-post-title":"disabled","ast-breadcrumbs-content":"","ast-featured-img":"disabled","footer-sml-layout":"","ast-disable-related-posts":"","theme-transparent-header-meta":"enabled","adv-header-id-meta":"","stick-header-meta":"","header-above-stick-meta":"","header-main-stick-meta":"","header-below-stick-meta":"","astra-migrate-meta-layouts":"set","ast-page-background-enabled":"default","ast-page-background-meta":{"desktop":{"background-color":"var(--ast-global-color-4)","background-image":"","background-repeat":"repeat","background-position":"center center","background-size":"auto","background-attachment":"scroll","background-type":"","background-media":"","overlay-type":"","overlay-color":"","overlay-opacity":"","overlay-gradient":""},"tablet":{"background-color":"","background-image":"","background-repeat":"repeat","background-position":"center center","background-size":"auto","background-attachment":"scroll","background-type":"","background-media":"","overlay-type":"","overlay-color":"","overlay-opacity":"","overlay-gradient":""},"mobile":{"background-color":"","background-image":"","background-repeat":"repeat","background-position":"center center","background-size":"auto","background-attachment":"scroll","background-type":"","background-media":"","overlay-type":"","overlay-color":"","overlay-opacity":"","overlay-gradient":""}},"ast-content-background-meta":{"desktop":{"background-color":"var(--ast-global-color-5)","background-image":"","background-repeat":"repeat","background-position":"center center","background-size":"auto","background-attachment":"scroll","background-type":"","background-media":"","overlay-type":"","overlay-color":"","overlay-opacity":"","overlay-gradient":""},"tablet":{"background-color":"var(--ast-global-color-5)","background-image":"","background-repeat":"repeat","background-position":"center center","background-size":"auto","background-attachment":"scroll","background-type":"","background-media":"","overlay-type":"","overlay-color":"","overlay-opacity":"","overlay-gradient":""},"mobile":{"background-color":"var(--ast-global-color-5)","background-image":"","background-repeat":"repeat","background-position":"center center","background-size":"auto","background-attachment":"scroll","background-type":"","background-media":"","overlay-type":"","overlay-color":"","overlay-opacity":"","overlay-gradient":""}},"footnotes":""},"class_list":["post-914","page","type-page","status-publish","hentry"],"acf":[],"yoast_head":"<!-- This site is optimized with the Yoast SEO plugin v27.0 - https:\/\/yoast.com\/product\/yoast-seo-wordpress\/ -->\n<title>Conditions l\u00e9gales - Jamones Eutiquio<\/title>\n<meta name=\"robots\" content=\"index, follow, max-snippet:-1, max-image-preview:large, max-video-preview:-1\" \/>\n<link rel=\"canonical\" href=\"https:\/\/eutiquio.es\/fr\/conditions-legales\/\" \/>\n<meta property=\"og:locale\" content=\"fr_FR\" \/>\n<meta property=\"og:type\" content=\"article\" \/>\n<meta property=\"og:title\" content=\"Conditions l\u00e9gales - Jamones Eutiquio\" \/>\n<meta property=\"og:description\" content=\"Conditions l\u00e9gales AVISO LEGAL En cumplimiento con el deber de informaci\u00f3n recogido en art\u00edculo 10 de la Ley 34\/2002, de 11 de julio, de Servicios de la Sociedad de la Informaci\u00f3n y del Comercio Electr\u00f3nico (LSSICE), el propietario de la web , le informa de lo siguiente: Denominaci\u00f3n social: Jamones Eutiquio S.L.U. NIF: B99007189 Domicilio: [&hellip;]\" \/>\n<meta property=\"og:url\" content=\"https:\/\/eutiquio.es\/fr\/conditions-legales\/\" \/>\n<meta property=\"og:site_name\" content=\"Jamones Eutiquio\" \/>\n<meta property=\"article:modified_time\" content=\"2023-11-24T11:38:41+00:00\" \/>\n<meta name=\"twitter:card\" content=\"summary_large_image\" \/>\n<meta name=\"twitter:label1\" content=\"Dur\u00e9e de lecture estim\u00e9e\" \/>\n\t<meta name=\"twitter:data1\" content=\"2 minutes\" \/>\n<script type=\"application\/ld+json\" class=\"yoast-schema-graph\">{\"@context\":\"https:\/\/schema.org\",\"@graph\":[{\"@type\":\"WebPage\",\"@id\":\"https:\/\/eutiquio.es\/fr\/conditions-legales\/\",\"url\":\"https:\/\/eutiquio.es\/fr\/conditions-legales\/\",\"name\":\"Conditions l\u00e9gales - Jamones Eutiquio\",\"isPartOf\":{\"@id\":\"https:\/\/eutiquio.es\/#website\"},\"datePublished\":\"2023-11-09T06:54:48+00:00\",\"dateModified\":\"2023-11-24T11:38:41+00:00\",\"breadcrumb\":{\"@id\":\"https:\/\/eutiquio.es\/fr\/conditions-legales\/#breadcrumb\"},\"inLanguage\":\"fr-FR\",\"potentialAction\":[{\"@type\":\"ReadAction\",\"target\":[\"https:\/\/eutiquio.es\/fr\/conditions-legales\/\"]}]},{\"@type\":\"BreadcrumbList\",\"@id\":\"https:\/\/eutiquio.es\/fr\/conditions-legales\/#breadcrumb\",\"itemListElement\":[{\"@type\":\"ListItem\",\"position\":1,\"name\":\"Portada\",\"item\":\"https:\/\/eutiquio.es\/fr\/\"},{\"@type\":\"ListItem\",\"position\":2,\"name\":\"Conditions l\u00e9gales\"}]},{\"@type\":\"WebSite\",\"@id\":\"https:\/\/eutiquio.es\/#website\",\"url\":\"https:\/\/eutiquio.es\/\",\"name\":\"Jamones Eutiquio\",\"description\":\"Jamones Eutiquio\",\"publisher\":{\"@id\":\"https:\/\/eutiquio.es\/#organization\"},\"potentialAction\":[{\"@type\":\"SearchAction\",\"target\":{\"@type\":\"EntryPoint\",\"urlTemplate\":\"https:\/\/eutiquio.es\/?s={search_term_string}\"},\"query-input\":{\"@type\":\"PropertyValueSpecification\",\"valueRequired\":true,\"valueName\":\"search_term_string\"}}],\"inLanguage\":\"fr-FR\"},{\"@type\":\"Organization\",\"@id\":\"https:\/\/eutiquio.es\/#organization\",\"name\":\"Jamones Eutiquio\",\"url\":\"https:\/\/eutiquio.es\/\",\"logo\":{\"@type\":\"ImageObject\",\"inLanguage\":\"fr-FR\",\"@id\":\"https:\/\/eutiquio.es\/#\/schema\/logo\/image\/\",\"url\":\"https:\/\/eutiquio.es\/wp-content\/uploads\/2023\/11\/logotipo-jamones-eutiquio.png\",\"contentUrl\":\"https:\/\/eutiquio.es\/wp-content\/uploads\/2023\/11\/logotipo-jamones-eutiquio.png\",\"width\":200,\"height\":110,\"caption\":\"Jamones Eutiquio\"},\"image\":{\"@id\":\"https:\/\/eutiquio.es\/#\/schema\/logo\/image\/\"}}]}<\/script>\n<!-- \/ Yoast SEO plugin. -->","yoast_head_json":{"title":"Conditions l\u00e9gales - Jamones Eutiquio","robots":{"index":"index","follow":"follow","max-snippet":"max-snippet:-1","max-image-preview":"max-image-preview:large","max-video-preview":"max-video-preview:-1"},"canonical":"https:\/\/eutiquio.es\/fr\/conditions-legales\/","og_locale":"fr_FR","og_type":"article","og_title":"Conditions l\u00e9gales - Jamones Eutiquio","og_description":"Conditions l\u00e9gales AVISO LEGAL En cumplimiento con el deber de informaci\u00f3n recogido en art\u00edculo 10 de la Ley 34\/2002, de 11 de julio, de Servicios de la Sociedad de la Informaci\u00f3n y del Comercio Electr\u00f3nico (LSSICE), el propietario de la web , le informa de lo siguiente: Denominaci\u00f3n social: Jamones Eutiquio S.L.U. NIF: B99007189 Domicilio: [&hellip;]","og_url":"https:\/\/eutiquio.es\/fr\/conditions-legales\/","og_site_name":"Jamones Eutiquio","article_modified_time":"2023-11-24T11:38:41+00:00","twitter_card":"summary_large_image","twitter_misc":{"Dur\u00e9e de lecture estim\u00e9e":"2 minutes"},"schema":{"@context":"https:\/\/schema.org","@graph":[{"@type":"WebPage","@id":"https:\/\/eutiquio.es\/fr\/conditions-legales\/","url":"https:\/\/eutiquio.es\/fr\/conditions-legales\/","name":"Conditions l\u00e9gales - Jamones Eutiquio","isPartOf":{"@id":"https:\/\/eutiquio.es\/#website"},"datePublished":"2023-11-09T06:54:48+00:00","dateModified":"2023-11-24T11:38:41+00:00","breadcrumb":{"@id":"https:\/\/eutiquio.es\/fr\/conditions-legales\/#breadcrumb"},"inLanguage":"fr-FR","potentialAction":[{"@type":"ReadAction","target":["https:\/\/eutiquio.es\/fr\/conditions-legales\/"]}]},{"@type":"BreadcrumbList","@id":"https:\/\/eutiquio.es\/fr\/conditions-legales\/#breadcrumb","itemListElement":[{"@type":"ListItem","position":1,"name":"Portada","item":"https:\/\/eutiquio.es\/fr\/"},{"@type":"ListItem","position":2,"name":"Conditions l\u00e9gales"}]},{"@type":"WebSite","@id":"https:\/\/eutiquio.es\/#website","url":"https:\/\/eutiquio.es\/","name":"Jamones Eutiquio","description":"Jamones Eutiquio","publisher":{"@id":"https:\/\/eutiquio.es\/#organization"},"potentialAction":[{"@type":"SearchAction","target":{"@type":"EntryPoint","urlTemplate":"https:\/\/eutiquio.es\/?s={search_term_string}"},"query-input":{"@type":"PropertyValueSpecification","valueRequired":true,"valueName":"search_term_string"}}],"inLanguage":"fr-FR"},{"@type":"Organization","@id":"https:\/\/eutiquio.es\/#organization","name":"Jamones Eutiquio","url":"https:\/\/eutiquio.es\/","logo":{"@type":"ImageObject","inLanguage":"fr-FR","@id":"https:\/\/eutiquio.es\/#\/schema\/logo\/image\/","url":"https:\/\/eutiquio.es\/wp-content\/uploads\/2023\/11\/logotipo-jamones-eutiquio.png","contentUrl":"https:\/\/eutiquio.es\/wp-content\/uploads\/2023\/11\/logotipo-jamones-eutiquio.png","width":200,"height":110,"caption":"Jamones Eutiquio"},"image":{"@id":"https:\/\/eutiquio.es\/#\/schema\/logo\/image\/"}}]}},"_links":{"self":[{"href":"https:\/\/eutiquio.es\/fr\/wp-json\/wp\/v2\/pages\/914","targetHints":{"allow":["GET"]}}],"collection":[{"href":"https:\/\/eutiquio.es\/fr\/wp-json\/wp\/v2\/pages"}],"about":[{"href":"https:\/\/eutiquio.es\/fr\/wp-json\/wp\/v2\/types\/page"}],"author":[{"embeddable":true,"href":"https:\/\/eutiquio.es\/fr\/wp-json\/wp\/v2\/users\/1"}],"replies":[{"embeddable":true,"href":"https:\/\/eutiquio.es\/fr\/wp-json\/wp\/v2\/comments?post=914"}],"version-history":[{"count":4,"href":"https:\/\/eutiquio.es\/fr\/wp-json\/wp\/v2\/pages\/914\/revisions"}],"predecessor-version":[{"id":918,"href":"https:\/\/eutiquio.es\/fr\/wp-json\/wp\/v2\/pages\/914\/revisions\/918"}],"wp:attachment":[{"href":"https:\/\/eutiquio.es\/fr\/wp-json\/wp\/v2\/media?parent=914"}],"curies":[{"name":"wp","href":"https:\/\/api.w.org\/{rel}","templated":true}]}}